{"id":11181,"date":"2025-07-24T15:39:35","date_gmt":"2025-07-24T12:39:35","guid":{"rendered":"https:\/\/kliimair.ee\/?post_type=product&#038;p=11181"},"modified":"2025-07-31T20:29:29","modified_gmt":"2025-07-31T17:29:29","slug":"ohk-ohk-soojuspump-multi-valisosad-aj050txj2kg-eu","status":"publish","type":"product","link":"https:\/\/kliimair.ee\/en\/toode\/ohk-ohk-soojuspump-multi-valisosad-aj050txj2kg-eu\/","title":{"rendered":"\u00d5hk-\u00f5hk soojuspump Multi v\u00e4lisosad AJ050TXJ2KG\/EU"},"content":{"rendered":"<p><img loading=\"lazy\" decoding=\"async\" class=\"aligncenter wp-image-11179 size-mailpoet_newsletter_max\" src=\"https:\/\/kliimair.ee\/wp-content\/uploads\/2025\/07\/Monosnap-Samsung-OO-hinnakiri-2025-2-2025-07-15-17-49-35-1320x831.png\" alt=\"\" width=\"1320\" height=\"831\" srcset=\"https:\/\/kliimair.ee\/wp-content\/uploads\/2025\/07\/Monosnap-Samsung-OO-hinnakiri-2025-2-2025-07-15-17-49-35-1320x831.png 1320w, https:\/\/kliimair.ee\/wp-content\/uploads\/2025\/07\/Monosnap-Samsung-OO-hinnakiri-2025-2-2025-07-15-17-49-35-300x189.png 300w, https:\/\/kliimair.ee\/wp-content\/uploads\/2025\/07\/Monosnap-Samsung-OO-hinnakiri-2025-2-2025-07-15-17-49-35-1024x644.png 1024w, https:\/\/kliimair.ee\/wp-content\/uploads\/2025\/07\/Monosnap-Samsung-OO-hinnakiri-2025-2-2025-07-15-17-49-35-768x483.png 768w, https:\/\/kliimair.ee\/wp-content\/uploads\/2025\/07\/Monosnap-Samsung-OO-hinnakiri-2025-2-2025-07-15-17-49-35-1536x967.png 1536w, https:\/\/kliimair.ee\/wp-content\/uploads\/2025\/07\/Monosnap-Samsung-OO-hinnakiri-2025-2-2025-07-15-17-49-35-2048x1289.png 2048w, https:\/\/kliimair.ee\/wp-content\/uploads\/2025\/07\/Monosnap-Samsung-OO-hinnakiri-2025-2-2025-07-15-17-49-35-1200x755.png 1200w, https:\/\/kliimair.ee\/wp-content\/uploads\/2025\/07\/Monosnap-Samsung-OO-hinnakiri-2025-2-2025-07-15-17-49-35-150x94.png 150w\" sizes=\"auto, (max-width: 1320px) 100vw, 1320px\" \/><\/p>\n","protected":false},"excerpt":{"rendered":"<\/p>\n<ul>\n<li class=\"ds-markdown-paragraph\">4-10 kW outdoor units<\/li>\n<li class=\"ds-markdown-paragraph\">2-5 indoor units<\/li>\n<li class=\"ds-markdown-paragraph\">Verify indoor unit compatibility on the following page<\/li>\n<li class=\"ds-markdown-paragraph\"><strong><span style=\"color: #ff0000\">3-year warranty<\/span><\/strong><\/li>\n<\/ul>\n<pre><span style=\"color: #339966\"><strong>NB! We offer installation service for this heat pump. Price starts from 1450\u20ac and depends on the complexity of the system. Ask for a quote when ordering!<\/strong><\/span><\/pre><\/p>\n","protected":false},"featured_media":11180,"template":"","meta":[],"product_brand":[],"product_cat":[656,839],"product_tag":[840,434],"class_list":{"0":"post-11181","1":"product","2":"type-product","3":"status-publish","4":"has-post-thumbnail","6":"product_cat-ohk-ohk-soojuspumbad","7":"product_cat-samsung","8":"product_tag-samsung","9":"product_tag-soojuspump","11":"first","12":"onbackorder","13":"taxable","14":"shipping-taxable","15":"product-type-simple"},"_links":{"self":[{"href":"https:\/\/kliimair.ee\/en\/wp-json\/wp\/v2\/product\/11181","targetHints":{"allow":["GET"]}}],"collection":[{"href":"https:\/\/kliimair.ee\/en\/wp-json\/wp\/v2\/product"}],"about":[{"href":"https:\/\/kliimair.ee\/en\/wp-json\/wp\/v2\/types\/product"}],"wp:featuredmedia":[{"embeddable":true,"href":"https:\/\/kliimair.ee\/en\/wp-json\/wp\/v2\/media\/11180"}],"wp:attachment":[{"href":"https:\/\/kliimair.ee\/en\/wp-json\/wp\/v2\/media?parent=11181"}],"wp:term":[{"taxonomy":"product_brand","embeddable":true,"href":"https:\/\/kliimair.ee\/en\/wp-json\/wp\/v2\/product_brand?post=11181"},{"taxonomy":"product_cat","embeddable":true,"href":"https:\/\/kliimair.ee\/en\/wp-json\/wp\/v2\/product_cat?post=11181"},{"taxonomy":"product_tag","embeddable":true,"href":"https:\/\/kliimair.ee\/en\/wp-json\/wp\/v2\/product_tag?post=11181"}],"curies":[{"name":"wp","href":"https:\/\/api.w.org\/{rel}","templated":true}]}}