{"id":11178,"date":"2025-07-24T15:39:35","date_gmt":"2025-07-24T12:39:35","guid":{"rendered":"https:\/\/kliimair.ee\/?post_type=product&#038;p=11178"},"modified":"2025-07-31T20:31:01","modified_gmt":"2025-07-31T17:31:01","slug":"ohk-ohk-soojuspump-multi-valisosad-aj040txj2kg-eu","status":"publish","type":"product","link":"https:\/\/kliimair.ee\/ru\/toode\/ohk-ohk-soojuspump-multi-valisosad-aj040txj2kg-eu\/","title":{"rendered":"\u00d5hk-\u00f5hk soojuspump Multi v\u00e4lisosad AJ040TXJ2KG\/EU"},"content":{"rendered":"<p><img loading=\"lazy\" decoding=\"async\" class=\"aligncenter wp-image-11179 size-mailpoet_newsletter_max\" src=\"https:\/\/kliimair.ee\/wp-content\/uploads\/2025\/07\/Monosnap-Samsung-OO-hinnakiri-2025-2-2025-07-15-17-49-35-1320x831.png\" alt=\"\" width=\"1320\" height=\"831\" srcset=\"https:\/\/kliimair.ee\/wp-content\/uploads\/2025\/07\/Monosnap-Samsung-OO-hinnakiri-2025-2-2025-07-15-17-49-35-1320x831.png 1320w, https:\/\/kliimair.ee\/wp-content\/uploads\/2025\/07\/Monosnap-Samsung-OO-hinnakiri-2025-2-2025-07-15-17-49-35-300x189.png 300w, https:\/\/kliimair.ee\/wp-content\/uploads\/2025\/07\/Monosnap-Samsung-OO-hinnakiri-2025-2-2025-07-15-17-49-35-1024x644.png 1024w, https:\/\/kliimair.ee\/wp-content\/uploads\/2025\/07\/Monosnap-Samsung-OO-hinnakiri-2025-2-2025-07-15-17-49-35-768x483.png 768w, https:\/\/kliimair.ee\/wp-content\/uploads\/2025\/07\/Monosnap-Samsung-OO-hinnakiri-2025-2-2025-07-15-17-49-35-1536x967.png 1536w, https:\/\/kliimair.ee\/wp-content\/uploads\/2025\/07\/Monosnap-Samsung-OO-hinnakiri-2025-2-2025-07-15-17-49-35-2048x1289.png 2048w, https:\/\/kliimair.ee\/wp-content\/uploads\/2025\/07\/Monosnap-Samsung-OO-hinnakiri-2025-2-2025-07-15-17-49-35-1200x755.png 1200w, https:\/\/kliimair.ee\/wp-content\/uploads\/2025\/07\/Monosnap-Samsung-OO-hinnakiri-2025-2-2025-07-15-17-49-35-150x94.png 150w\" sizes=\"auto, (max-width: 1320px) 100vw, 1320px\" \/><\/p>\n","protected":false},"excerpt":{"rendered":"<\/p>\n<ul>\n<li class=\"ds-markdown-paragraph\">4-10 \u043a\u0412\u0442 \u043d\u0430\u0440\u0443\u0436\u043d\u044b\u0435 \u0431\u043b\u043e\u043a\u0438<\/li>\n<li class=\"ds-markdown-paragraph\">2-5 \u0432\u043d\u0443\u0442\u0440\u0435\u043d\u043d\u0438\u0445 \u0431\u043b\u043e\u043a\u043e\u0432<\/li>\n<li class=\"ds-markdown-paragraph\">\u0421\u043e\u0432\u043c\u0435\u0441\u0442\u0438\u043c\u043e\u0441\u0442\u044c \u0432\u043d\u0443\u0442\u0440\u0435\u043d\u043d\u0438\u0445 \u0431\u043b\u043e\u043a\u043e\u0432 \u0443\u0442\u043e\u0447\u043d\u044f\u0439\u0442\u0435 \u043d\u0430 \u0441\u043b\u0435\u0434\u0443\u044e\u0449\u0435\u0439 \u0441\u0442\u0440\u0430\u043d\u0438\u0446\u0435<\/li>\n<li class=\"ds-markdown-paragraph\"><strong><span style=\"color: #ff0000\">\u0413\u0430\u0440\u0430\u043d\u0442\u0438\u044f 3 \u0433\u043e\u0434\u0430<\/span><\/strong><\/li>\n<\/ul>\n<p class=\"ds-markdown-paragraph\"><span style=\"color: #339966\"><strong style=\"color: #339966\">\u0412\u043d\u0438\u043c\u0430\u043d\u0438\u0435! \u041c\u044b \u043f\u0440\u0435\u0434\u043b\u0430\u0433\u0430\u0435\u043c \u0443\u0441\u043b\u0443\u0433\u0438 \u043f\u043e \u0443\u0441\u0442\u0430\u043d\u043e\u0432\u043a\u0435 \u044d\u0442\u043e\u0433\u043e \u0442\u0435\u043f\u043b\u043e\u0432\u043e\u0433\u043e \u043d\u0430\u0441\u043e\u0441\u0430. \u0421\u0442\u043e\u0438\u043c\u043e\u0441\u0442\u044c \u043d\u0430\u0447\u0438\u043d\u0430\u0435\u0442\u0441\u044f \u043e\u0442 1450 \u0435\u0432\u0440\u043e \u0438 \u0437\u0430\u0432\u0438\u0441\u0438\u0442 \u043e\u0442 \u0441\u043b\u043e\u0436\u043d\u043e\u0441\u0442\u0438 \u0441\u0438\u0441\u0442\u0435\u043c\u044b. \u0423\u0442\u043e\u0447\u043d\u044f\u0439\u0442\u0435 \u0441\u0442\u043e\u0438\u043c\u043e\u0441\u0442\u044c \u043f\u0440\u0438 \u0437\u0430\u043a\u0430\u0437\u0435!<\/strong> <\/span><\/p><\/p>\n","protected":false},"featured_media":11180,"template":"","meta":[],"product_brand":[],"product_cat":[656,839],"product_tag":[840,434],"class_list":{"0":"post-11178","1":"product","2":"type-product","3":"status-publish","4":"has-post-thumbnail","6":"product_cat-ohk-ohk-soojuspumbad","7":"product_cat-samsung","8":"product_tag-samsung","9":"product_tag-soojuspump","11":"first","12":"onbackorder","13":"taxable","14":"shipping-taxable","15":"product-type-simple"},"_links":{"self":[{"href":"https:\/\/kliimair.ee\/ru\/wp-json\/wp\/v2\/product\/11178","targetHints":{"allow":["GET"]}}],"collection":[{"href":"https:\/\/kliimair.ee\/ru\/wp-json\/wp\/v2\/product"}],"about":[{"href":"https:\/\/kliimair.ee\/ru\/wp-json\/wp\/v2\/types\/product"}],"wp:featuredmedia":[{"embeddable":true,"href":"https:\/\/kliimair.ee\/ru\/wp-json\/wp\/v2\/media\/11180"}],"wp:attachment":[{"href":"https:\/\/kliimair.ee\/ru\/wp-json\/wp\/v2\/media?parent=11178"}],"wp:term":[{"taxonomy":"product_brand","embeddable":true,"href":"https:\/\/kliimair.ee\/ru\/wp-json\/wp\/v2\/product_brand?post=11178"},{"taxonomy":"product_cat","embeddable":true,"href":"https:\/\/kliimair.ee\/ru\/wp-json\/wp\/v2\/product_cat?post=11178"},{"taxonomy":"product_tag","embeddable":true,"href":"https:\/\/kliimair.ee\/ru\/wp-json\/wp\/v2\/product_tag?post=11178"}],"curies":[{"name":"wp","href":"https:\/\/api.w.org\/{rel}","templated":true}]}}